{"id":78,"date":"2021-03-26T13:17:14","date_gmt":"2021-03-26T12:17:14","guid":{"rendered":"https:\/\/orobiancu.corsica\/?page_id=78"},"modified":"2021-11-15T17:03:07","modified_gmt":"2021-11-15T16:03:07","slug":"reserver","status":"publish","type":"page","link":"https:\/\/orobiancu.corsica\/en\/reserver\/","title":{"rendered":"Booking"},"content":{"rendered":"\t\t<div data-elementor-type=\"wp-page\" data-elementor-id=\"78\" class=\"elementor elementor-78\" data-elementor-post-type=\"page\">\n\t\t\t\t\t\t<section class=\"elementor-section elementor-top-section elementor-element elementor-element-724f46bd elementor-section-height-min-height elementor-section-boxed elementor-section-height-default elementor-section-items-middle\" data-id=\"724f46bd\" data-element_type=\"section\" data-e-type=\"section\" data-settings=\"{&quot;background_background&quot;:&quot;classic&quot;,&quot;jet_parallax_layout_list&quot;:[{&quot;jet_parallax_layout_image&quot;:{&quot;url&quot;:&quot;&quot;,&quot;id&quot;:&quot;&quot;,&quot;size&quot;:&quot;&quot;},&quot;_id&quot;:&quot;c73f396&quot;,&quot;jet_parallax_layout_image_tablet&quot;:{&quot;url&quot;:&quot;&quot;,&quot;id&quot;:&quot;&quot;,&quot;size&quot;:&quot;&quot;},&quot;jet_parallax_layout_image_mobile&quot;:{&quot;url&quot;:&quot;&quot;,&quot;id&quot;:&quot;&quot;,&quot;size&quot;:&quot;&quot;},&quot;jet_parallax_layout_speed&quot;:{&quot;unit&quot;:&quot;%&quot;,&quot;size&quot;:50,&quot;sizes&quot;:[]},&quot;jet_parallax_layout_type&quot;:&quot;scroll&quot;,&quot;jet_parallax_layout_direction&quot;:&quot;1&quot;,&quot;jet_parallax_layout_fx_direction&quot;:null,&quot;jet_parallax_layout_z_index&quot;:&quot;&quot;,&quot;jet_parallax_layout_bg_x&quot;:50,&quot;jet_parallax_layout_bg_x_tablet&quot;:&quot;&quot;,&quot;jet_parallax_layout_bg_x_mobile&quot;:&quot;&quot;,&quot;jet_parallax_layout_bg_y&quot;:50,&quot;jet_parallax_layout_bg_y_tablet&quot;:&quot;&quot;,&quot;jet_parallax_layout_bg_y_mobile&quot;:&quot;&quot;,&quot;jet_parallax_layout_bg_size&quot;:&quot;auto&quot;,&quot;jet_parallax_layout_bg_size_tablet&quot;:&quot;&quot;,&quot;jet_parallax_layout_bg_size_mobile&quot;:&quot;&quot;,&quot;jet_parallax_layout_animation_prop&quot;:&quot;transform&quot;,&quot;jet_parallax_layout_on&quot;:[&quot;desktop&quot;,&quot;tablet&quot;]}]}\">\n\t\t\t\t\t\t\t<div class=\"elementor-background-overlay\"><\/div>\n\t\t\t\t\t\t\t<div class=\"elementor-container elementor-column-gap-default\">\n\t\t\t\t\t<div class=\"elementor-column elementor-col-100 elementor-top-column elementor-element elementor-element-298fd762\" data-id=\"298fd762\" data-element_type=\"column\" data-e-type=\"column\">\n\t\t\t<div class=\"elementor-widget-wrap elementor-element-populated\">\n\t\t\t\t\t\t<div class=\"elementor-element elementor-element-465e8695 elementor-cta--skin-cover elementor-widget elementor-widget-call-to-action\" data-id=\"465e8695\" data-element_type=\"widget\" data-e-type=\"widget\" data-settings=\"{&quot;_animation&quot;:&quot;none&quot;}\" data-widget_type=\"call-to-action.default\">\n\t\t\t\t\t\t\t<div class=\"elementor-cta\">\n\t\t\t\t\t<div class=\"elementor-cta__bg-wrapper\">\n\t\t\t\t<div class=\"elementor-cta__bg elementor-bg\" style=\"background-image: url();\" role=\"img\" aria-label=\"\"><\/div>\n\t\t\t\t<div class=\"elementor-cta__bg-overlay\"><\/div>\n\t\t\t<\/div>\n\t\t\t\t\t\t\t<div class=\"elementor-cta__content\">\n\t\t\t\t\n\t\t\t\t\t\t\t\t\t<h1 class=\"elementor-cta__title elementor-cta__content-item elementor-content-item\">\n\t\t\t\t\t\tR\u00e9servation\t\t\t\t\t<\/h1>\n\t\t\t\t\n\t\t\t\t\t\t\t\t\t<div class=\"elementor-cta__description elementor-cta__content-item elementor-content-item\">\n\t\t\t\t\t\tD\u00e9couvrez toutes nos disponibilit\u00e9s\t\t\t\t\t<\/div>\n\t\t\t\t\n\t\t\t\t\t\t\t<\/div>\n\t\t\t\t\t\t<\/div>\n\t\t\t\t\t\t<\/div>\n\t\t\t\t\t<\/div>\n\t\t<\/div>\n\t\t\t\t\t<\/div>\n\t\t<\/section>\n\t\t\t\t<section class=\"elementor-section elementor-top-section elementor-element elementor-element-55c62a6 elementor-section-height-min-height elementor-section-boxed elementor-section-height-default elementor-section-items-middle\" data-id=\"55c62a6\" data-element_type=\"section\" data-e-type=\"section\" data-settings=\"{&quot;jet_parallax_layout_list&quot;:[{&quot;jet_parallax_layout_image&quot;:{&quot;url&quot;:&quot;&quot;,&quot;id&quot;:&quot;&quot;,&quot;size&quot;:&quot;&quot;},&quot;_id&quot;:&quot;f4df0bd&quot;,&quot;jet_parallax_layout_image_tablet&quot;:{&quot;url&quot;:&quot;&quot;,&quot;id&quot;:&quot;&quot;,&quot;size&quot;:&quot;&quot;},&quot;jet_parallax_layout_image_mobile&quot;:{&quot;url&quot;:&quot;&quot;,&quot;id&quot;:&quot;&quot;,&quot;size&quot;:&quot;&quot;},&quot;jet_parallax_layout_speed&quot;:{&quot;unit&quot;:&quot;%&quot;,&quot;size&quot;:50,&quot;sizes&quot;:[]},&quot;jet_parallax_layout_type&quot;:&quot;scroll&quot;,&quot;jet_parallax_layout_direction&quot;:&quot;1&quot;,&quot;jet_parallax_layout_fx_direction&quot;:null,&quot;jet_parallax_layout_z_index&quot;:&quot;&quot;,&quot;jet_parallax_layout_bg_x&quot;:50,&quot;jet_parallax_layout_bg_x_tablet&quot;:&quot;&quot;,&quot;jet_parallax_layout_bg_x_mobile&quot;:&quot;&quot;,&quot;jet_parallax_layout_bg_y&quot;:50,&quot;jet_parallax_layout_bg_y_tablet&quot;:&quot;&quot;,&quot;jet_parallax_layout_bg_y_mobile&quot;:&quot;&quot;,&quot;jet_parallax_layout_bg_size&quot;:&quot;auto&quot;,&quot;jet_parallax_layout_bg_size_tablet&quot;:&quot;&quot;,&quot;jet_parallax_layout_bg_size_mobile&quot;:&quot;&quot;,&quot;jet_parallax_layout_animation_prop&quot;:&quot;transform&quot;,&quot;jet_parallax_layout_on&quot;:[&quot;desktop&quot;,&quot;tablet&quot;]}]}\">\n\t\t\t\t\t\t<div class=\"elementor-container elementor-column-gap-default\">\n\t\t\t\t\t<div class=\"elementor-column elementor-col-100 elementor-top-column elementor-element elementor-element-3cdbce5\" data-id=\"3cdbce5\" data-element_type=\"column\" data-e-type=\"column\">\n\t\t\t<div class=\"elementor-widget-wrap elementor-element-populated\">\n\t\t\t\t\t\t<div class=\"elementor-element elementor-element-86af65d elementor-widget elementor-widget-mr_booking_searchbar\" data-id=\"86af65d\" data-element_type=\"widget\" data-e-type=\"widget\" data-widget_type=\"mr_booking_searchbar.default\">\n\t\t\t\t<div class=\"elementor-widget-container\">\n\t\t\t\t\t<div class=\"mb-searchbar-widget\"><div class=\"mb-searchbar\"><form target=\"_blank\" method=\"GET\" action=\"https:\/\/www.secure-direct-hotel-booking.com\/module_booking_engine\/index.php\"><input id=\"id_etab\" name=\"id_etab\" type=\"hidden\" value=\"9fb632e70662bf5f1b25fe44e3ad6dfb\" \/><input id=\"langue\" name=\"langue\" type=\"hidden\" value=\"francais\" \/><input id=\"date_deb\" name=\"date_deb\" type=\"hidden\" \/><div><label>Date d'arriv\u00e9e<\/label><input type=\"date\" id=\"_date_deb\" name=\"_date_deb\" min=\"2026-04-07\" placeholder=\"Date d'arriv\u00e9e\" onChange=\"onChangeDate(this.value)\" \/><\/div><div><label>Nuit\u00e9e(s)<\/label><input type=\"number\" id=\"nb_nuit\" min=\"1\" max=\"30\" name=\"nb_nuit\" placeholder=\"Nuit\u00e9e(s)\" \/><\/div><div><label>Adulte(s)<\/label><input type=\"number\" id=\"nb_adulte\" min=\"1\" max=\"15\" name=\"nb_adulte\" placeholder=\"Adulte(s)\" \/><\/div><div><label>Enfant(s)<\/label><input type=\"number\" id=\"nb_enfant\" min=\"0\" max=\"15\" name=\"nb_enfant\" placeholder=\"Enfant(s)\" \/><\/div><input type=\"submit\" value=\"R\u00e9server\" \/><\/form><\/div><\/div>\t\t\t\t<\/div>\n\t\t\t\t<\/div>\n\t\t\t\t<div class=\"elementor-element elementor-element-dd85675 elementor-widget elementor-widget-text-editor\" data-id=\"dd85675\" data-element_type=\"widget\" data-e-type=\"widget\" data-widget_type=\"text-editor.default\">\n\t\t\t\t\t\t\t\t\t<p><span style=\"font-weight: var( --e-global-typography-text-font-weight ); text-transform: var( --e-global-typography-text-text-transform );\">Nous rappelons \u00e0 notre aimable client\u00e8le, que nos amis les animaux ne sont pas admis dans l&rsquo;\u00e9tablissement<\/span><\/p>\t\t\t\t\t\t\t\t<\/div>\n\t\t\t\t<div class=\"elementor-element elementor-element-c9b96d6 elementor-widget elementor-widget-text-editor\" data-id=\"c9b96d6\" data-element_type=\"widget\" data-e-type=\"widget\" data-widget_type=\"text-editor.default\">\n\t\t\t\t\t\t\t\t\t<p>Les appartements sont disponibles \u00e0 partir de 15h. Ils doivent \u00eatre lib\u00e9r\u00e9s avant 11h<\/p>\t\t\t\t\t\t\t\t<\/div>\n\t\t\t\t\t<\/div>\n\t\t<\/div>\n\t\t\t\t\t<\/div>\n\t\t<\/section>\n\t\t\t\t<\/div>\n\t\t","protected":false},"excerpt":{"rendered":"<p>R\u00e9servation D\u00e9couvrez toutes nos disponibilit\u00e9s Date d&rsquo;arriv\u00e9eNuit\u00e9e(s)Adulte(s)Enfant(s) Nous rappelons \u00e0 notre aimable client\u00e8le, que nos amis les animaux ne sont pas admis dans l&rsquo;\u00e9tablissement Les appartements sont disponibles \u00e0 partir de 15h. Ils doivent \u00eatre lib\u00e9r\u00e9s avant 11h<\/p>","protected":false},"author":1,"featured_media":0,"parent":0,"menu_order":0,"comment_status":"closed","ping_status":"closed","template":"","meta":{"footnotes":""},"class_list":["post-78","page","type-page","status-publish","hentry"],"yoast_head":"<!-- This site is optimized with the Yoast SEO plugin v27.3 - https:\/\/yoast.com\/product\/yoast-seo-wordpress\/ -->\n<title>R\u00e9server | Oro-Biancu H\u00f4tel-R\u00e9sidence en Haute-Corse<\/title>\n<meta name=\"robots\" content=\"index, follow, max-snippet:-1, max-image-preview:large, max-video-preview:-1\" \/>\n<link rel=\"canonical\" href=\"https:\/\/orobiancu.corsica\/en\/reserver\/\" \/>\n<meta property=\"og:locale\" content=\"en_US\" \/>\n<meta property=\"og:type\" content=\"article\" \/>\n<meta property=\"og:title\" content=\"R\u00e9server | Oro-Biancu H\u00f4tel-R\u00e9sidence en Haute-Corse\" \/>\n<meta property=\"og:description\" content=\"R\u00e9servation D\u00e9couvrez toutes nos disponibilit\u00e9s Date d&rsquo;arriv\u00e9eNuit\u00e9e(s)Adulte(s)Enfant(s) Nous rappelons \u00e0 notre aimable client\u00e8le, que nos amis les animaux ne sont pas admis dans l&rsquo;\u00e9tablissement Les appartements sont disponibles \u00e0 partir de 15h. Ils doivent \u00eatre lib\u00e9r\u00e9s avant 11h\" \/>\n<meta property=\"og:url\" content=\"https:\/\/orobiancu.corsica\/en\/reserver\/\" \/>\n<meta property=\"og:site_name\" content=\"Oro Biancu\" \/>\n<meta property=\"article:modified_time\" content=\"2021-11-15T16:03:07+00:00\" \/>\n<meta property=\"og:image\" content=\"https:\/\/orobiancu.corsica\/wp-content\/uploads\/2021\/04\/t2-article-1.jpg\" \/>\n\t<meta property=\"og:image:width\" content=\"600\" \/>\n\t<meta property=\"og:image:height\" content=\"400\" \/>\n\t<meta property=\"og:image:type\" content=\"image\/jpeg\" \/>\n<meta name=\"twitter:card\" content=\"summary_large_image\" \/>\n<meta name=\"twitter:label1\" content=\"Est. reading time\" \/>\n\t<meta name=\"twitter:data1\" content=\"1 minute\" \/>\n<script type=\"application\/ld+json\" class=\"yoast-schema-graph\">{\"@context\":\"https:\\\/\\\/schema.org\",\"@graph\":[{\"@type\":\"WebPage\",\"@id\":\"https:\\\/\\\/orobiancu.corsica\\\/reserver\\\/\",\"url\":\"https:\\\/\\\/orobiancu.corsica\\\/reserver\\\/\",\"name\":\"R\u00e9server | Oro-Biancu H\u00f4tel-R\u00e9sidence en Haute-Corse\",\"isPartOf\":{\"@id\":\"https:\\\/\\\/orobiancu.corsica\\\/#website\"},\"datePublished\":\"2021-03-26T12:17:14+00:00\",\"dateModified\":\"2021-11-15T16:03:07+00:00\",\"breadcrumb\":{\"@id\":\"https:\\\/\\\/orobiancu.corsica\\\/reserver\\\/#breadcrumb\"},\"inLanguage\":\"en-US\",\"potentialAction\":[{\"@type\":\"ReadAction\",\"target\":[\"https:\\\/\\\/orobiancu.corsica\\\/reserver\\\/\"]}]},{\"@type\":\"BreadcrumbList\",\"@id\":\"https:\\\/\\\/orobiancu.corsica\\\/reserver\\\/#breadcrumb\",\"itemListElement\":[{\"@type\":\"ListItem\",\"position\":1,\"name\":\"Accueil\",\"item\":\"https:\\\/\\\/orobiancu.corsica\\\/\"},{\"@type\":\"ListItem\",\"position\":2,\"name\":\"R\u00e9servation\"}]},{\"@type\":\"WebSite\",\"@id\":\"https:\\\/\\\/orobiancu.corsica\\\/#website\",\"url\":\"https:\\\/\\\/orobiancu.corsica\\\/\",\"name\":\"Oro Biancu\",\"description\":\"Un site utilisant WordPress\",\"publisher\":{\"@id\":\"https:\\\/\\\/orobiancu.corsica\\\/#organization\"},\"potentialAction\":[{\"@type\":\"SearchAction\",\"target\":{\"@type\":\"EntryPoint\",\"urlTemplate\":\"https:\\\/\\\/orobiancu.corsica\\\/?s={search_term_string}\"},\"query-input\":{\"@type\":\"PropertyValueSpecification\",\"valueRequired\":true,\"valueName\":\"search_term_string\"}}],\"inLanguage\":\"en-US\"},{\"@type\":\"Organization\",\"@id\":\"https:\\\/\\\/orobiancu.corsica\\\/#organization\",\"name\":\"Oro Biancu\",\"url\":\"https:\\\/\\\/orobiancu.corsica\\\/\",\"logo\":{\"@type\":\"ImageObject\",\"inLanguage\":\"en-US\",\"@id\":\"https:\\\/\\\/orobiancu.corsica\\\/#\\\/schema\\\/logo\\\/image\\\/\",\"url\":\"https:\\\/\\\/orobiancu.corsica\\\/wp-content\\\/uploads\\\/2021\\\/04\\\/cropped-logo2.jpg\",\"contentUrl\":\"https:\\\/\\\/orobiancu.corsica\\\/wp-content\\\/uploads\\\/2021\\\/04\\\/cropped-logo2.jpg\",\"width\":100,\"height\":173,\"caption\":\"Oro Biancu\"},\"image\":{\"@id\":\"https:\\\/\\\/orobiancu.corsica\\\/#\\\/schema\\\/logo\\\/image\\\/\"},\"sameAs\":[\"https:\\\/\\\/www.instagram.com\\\/orobiancu_residence_hoteliere\"]}]}<\/script>\n<!-- \/ Yoast SEO plugin. -->","yoast_head_json":{"title":"R\u00e9server | Oro-Biancu H\u00f4tel-R\u00e9sidence en Haute-Corse","robots":{"index":"index","follow":"follow","max-snippet":"max-snippet:-1","max-image-preview":"max-image-preview:large","max-video-preview":"max-video-preview:-1"},"canonical":"https:\/\/orobiancu.corsica\/en\/reserver\/","og_locale":"en_US","og_type":"article","og_title":"R\u00e9server | Oro-Biancu H\u00f4tel-R\u00e9sidence en Haute-Corse","og_description":"R\u00e9servation D\u00e9couvrez toutes nos disponibilit\u00e9s Date d&rsquo;arriv\u00e9eNuit\u00e9e(s)Adulte(s)Enfant(s) Nous rappelons \u00e0 notre aimable client\u00e8le, que nos amis les animaux ne sont pas admis dans l&rsquo;\u00e9tablissement Les appartements sont disponibles \u00e0 partir de 15h. Ils doivent \u00eatre lib\u00e9r\u00e9s avant 11h","og_url":"https:\/\/orobiancu.corsica\/en\/reserver\/","og_site_name":"Oro Biancu","article_modified_time":"2021-11-15T16:03:07+00:00","og_image":[{"width":600,"height":400,"url":"https:\/\/orobiancu.corsica\/wp-content\/uploads\/2021\/04\/t2-article-1.jpg","type":"image\/jpeg"}],"twitter_card":"summary_large_image","twitter_misc":{"Est. reading time":"1 minute"},"schema":{"@context":"https:\/\/schema.org","@graph":[{"@type":"WebPage","@id":"https:\/\/orobiancu.corsica\/reserver\/","url":"https:\/\/orobiancu.corsica\/reserver\/","name":"R\u00e9server | Oro-Biancu H\u00f4tel-R\u00e9sidence en Haute-Corse","isPartOf":{"@id":"https:\/\/orobiancu.corsica\/#website"},"datePublished":"2021-03-26T12:17:14+00:00","dateModified":"2021-11-15T16:03:07+00:00","breadcrumb":{"@id":"https:\/\/orobiancu.corsica\/reserver\/#breadcrumb"},"inLanguage":"en-US","potentialAction":[{"@type":"ReadAction","target":["https:\/\/orobiancu.corsica\/reserver\/"]}]},{"@type":"BreadcrumbList","@id":"https:\/\/orobiancu.corsica\/reserver\/#breadcrumb","itemListElement":[{"@type":"ListItem","position":1,"name":"Accueil","item":"https:\/\/orobiancu.corsica\/"},{"@type":"ListItem","position":2,"name":"R\u00e9servation"}]},{"@type":"WebSite","@id":"https:\/\/orobiancu.corsica\/#website","url":"https:\/\/orobiancu.corsica\/","name":"Oro Biancu","description":"Un site utilisant WordPress","publisher":{"@id":"https:\/\/orobiancu.corsica\/#organization"},"potentialAction":[{"@type":"SearchAction","target":{"@type":"EntryPoint","urlTemplate":"https:\/\/orobiancu.corsica\/?s={search_term_string}"},"query-input":{"@type":"PropertyValueSpecification","valueRequired":true,"valueName":"search_term_string"}}],"inLanguage":"en-US"},{"@type":"Organization","@id":"https:\/\/orobiancu.corsica\/#organization","name":"Oro Biancu","url":"https:\/\/orobiancu.corsica\/","logo":{"@type":"ImageObject","inLanguage":"en-US","@id":"https:\/\/orobiancu.corsica\/#\/schema\/logo\/image\/","url":"https:\/\/orobiancu.corsica\/wp-content\/uploads\/2021\/04\/cropped-logo2.jpg","contentUrl":"https:\/\/orobiancu.corsica\/wp-content\/uploads\/2021\/04\/cropped-logo2.jpg","width":100,"height":173,"caption":"Oro Biancu"},"image":{"@id":"https:\/\/orobiancu.corsica\/#\/schema\/logo\/image\/"},"sameAs":["https:\/\/www.instagram.com\/orobiancu_residence_hoteliere"]}]}},"_links":{"self":[{"href":"https:\/\/orobiancu.corsica\/en\/wp-json\/wp\/v2\/pages\/78","targetHints":{"allow":["GET"]}}],"collection":[{"href":"https:\/\/orobiancu.corsica\/en\/wp-json\/wp\/v2\/pages"}],"about":[{"href":"https:\/\/orobiancu.corsica\/en\/wp-json\/wp\/v2\/types\/page"}],"author":[{"embeddable":true,"href":"https:\/\/orobiancu.corsica\/en\/wp-json\/wp\/v2\/users\/1"}],"replies":[{"embeddable":true,"href":"https:\/\/orobiancu.corsica\/en\/wp-json\/wp\/v2\/comments?post=78"}],"version-history":[{"count":69,"href":"https:\/\/orobiancu.corsica\/en\/wp-json\/wp\/v2\/pages\/78\/revisions"}],"predecessor-version":[{"id":3268,"href":"https:\/\/orobiancu.corsica\/en\/wp-json\/wp\/v2\/pages\/78\/revisions\/3268"}],"wp:attachment":[{"href":"https:\/\/orobiancu.corsica\/en\/wp-json\/wp\/v2\/media?parent=78"}],"curies":[{"name":"wp","href":"https:\/\/api.w.org\/{rel}","templated":true}]}}