{"id":148,"date":"2021-04-24T16:16:50","date_gmt":"2021-04-24T14:16:50","guid":{"rendered":"https:\/\/orobiancu.corsica\/?page_id=148"},"modified":"2021-06-11T17:44:19","modified_gmt":"2021-06-11T15:44:19","slug":"activites","status":"publish","type":"page","link":"https:\/\/orobiancu.corsica\/en\/activites\/","title":{"rendered":"Activities"},"content":{"rendered":"<div data-elementor-type=\"wp-page\" data-elementor-id=\"148\" class=\"elementor elementor-148\" data-elementor-post-type=\"page\">\n\t\t\t\t\t\t<section class=\"elementor-section elementor-top-section elementor-element elementor-element-332259ea elementor-section-height-min-height elementor-section-boxed elementor-section-height-default elementor-section-items-middle\" data-id=\"332259ea\" data-element_type=\"section\" data-e-type=\"section\" data-settings=\"{&quot;background_background&quot;:&quot;classic&quot;,&quot;jet_parallax_layout_list&quot;:[]}\">\n\t\t\t\t\t\t\t<div class=\"elementor-background-overlay\"><\/div>\n\t\t\t\t\t\t\t<div class=\"elementor-container elementor-column-gap-default\">\n\t\t\t\t\t<div class=\"elementor-column elementor-col-100 elementor-top-column elementor-element elementor-element-7f0a7e1b\" data-id=\"7f0a7e1b\" data-element_type=\"column\" data-e-type=\"column\">\n\t\t\t<div class=\"elementor-widget-wrap elementor-element-populated\">\n\t\t\t\t\t\t<div class=\"elementor-element elementor-element-2aa067a elementor-cta--skin-cover safe_text_justify elementor-widget elementor-widget-call-to-action\" data-id=\"2aa067a\" data-element_type=\"widget\" data-e-type=\"widget\" data-settings=\"{&quot;_animation&quot;:&quot;none&quot;}\" data-widget_type=\"call-to-action.default\">\n\t\t\t\t\t\t\t<div class=\"elementor-cta\">\n\t\t\t\t\t<div class=\"elementor-cta__bg-wrapper\">\n\t\t\t\t<div class=\"elementor-cta__bg elementor-bg\" style=\"background-image: url();\" role=\"img\" aria-label=\"\"><\/div>\n\t\t\t\t<div class=\"elementor-cta__bg-overlay\"><\/div>\n\t\t\t<\/div>\n\t\t\t\t\t\t\t<div class=\"elementor-cta__content\">\n\t\t\t\t\n\t\t\t\t\n\t\t\t\t\t\t\t\t\t<div class=\"elementor-cta__description elementor-cta__content-item elementor-content-item translation-block\">OUR TEAM IS AVAILABLE TO ENJOY YOUR STAY WITH A VARIETY OF ACTIVITIES.\n<br><br>\nCORSICA OFFERS A DIVERSITY OF LANDSCAPES WHICH WILL STIMULATE YOUR CURIOSITY. PRACTICALLY HALF THE ISLAND IS CLASSIFIED AS A NATURAL PARK.\n<br><br>\nFEW PLACES OFFER SUMPTUOUS BEACHES AND A MOUNTAINOUS SUMMIT OF 2300M LESS THAN ONE HOUR BY ROAD. TELL US WHAT YOU LIKE. TELL US ABOUT YOU.\n<br><br>\nWE WILL DEFINITELY FIND AN ACTIVITY FOR YOU. WE WILL GUIDE YOU TO WHAT YOU LIKE.\n<br><br>\nYOUR HOLIDAYS DESERVE OUR ATTENTION.<\/div>\n\t\t\t\t\n\t\t\t\t\t\t\t\t\t<div class=\"elementor-cta__button-wrapper elementor-cta__content-item elementor-content-item\">\n\t\t\t\t\t<a class=\"elementor-cta__button elementor-button elementor-size-\" href=\"https:\/\/www.maranagolo-tourisme.com\/profiter\/loisirs\" target=\"_blank\">\n\t\t\t\t\t\tNearby activities\t\t\t\t\t<\/a>\n\t\t\t\t\t<\/div>\n\t\t\t\t\t\t\t<\/div>\n\t\t\t\t\t\t<\/div>\n\t\t\t\t\t\t<\/div>\n\t\t\t\t\t<\/div>\n\t\t<\/div>\n\t\t\t\t\t<\/div>\n\t\t<\/section>\n\t\t\t\t<\/div>","protected":false},"excerpt":{"rendered":"<p>Notre \u00e9quipe est disponible pour agr\u00e9menter votre s\u00e9jour avec des activit\u00e9s vari\u00e9es. La Corse offre une diversit\u00e9 de paysage qui suscitera votre curiosit\u00e9. Pratiquement la moiti\u00e9 de l&rsquo;Ile est class\u00e9e comme parc naturel. Peu d&rsquo;endroits proposent des plages somptueuses et un sommet montagneux de 2300m \u00e0 moins d&rsquo;une heure de route. Dites nous ce que [&hellip;]<\/p>\n","protected":false},"author":1,"featured_media":0,"parent":0,"menu_order":0,"comment_status":"closed","ping_status":"closed","template":"","meta":{"footnotes":""},"class_list":["post-148","page","type-page","status-publish","hentry"],"yoast_head":"<!-- This site is optimized with the Yoast SEO plugin v27.4 - https:\/\/yoast.com\/product\/yoast-seo-wordpress\/ -->\n<title>Toutes les activit\u00e9s autour de l&#039;h\u00f4tel | Oro-Biancu H\u00f4tel-R\u00e9sidence en Haute-Corse<\/title>\n<meta name=\"robots\" content=\"index, follow, max-snippet:-1, max-image-preview:large, max-video-preview:-1\" \/>\n<link rel=\"canonical\" href=\"https:\/\/orobiancu.corsica\/en\/activites\/\" \/>\n<meta property=\"og:locale\" content=\"en_US\" \/>\n<meta property=\"og:type\" content=\"article\" \/>\n<meta property=\"og:title\" content=\"Toutes les activit\u00e9s autour de l&#039;h\u00f4tel | Oro-Biancu H\u00f4tel-R\u00e9sidence en Haute-Corse\" \/>\n<meta property=\"og:description\" content=\"Notre \u00e9quipe est disponible pour agr\u00e9menter votre s\u00e9jour avec des activit\u00e9s vari\u00e9es. La Corse offre une diversit\u00e9 de paysage qui suscitera votre curiosit\u00e9. Pratiquement la moiti\u00e9 de l&rsquo;Ile est class\u00e9e comme parc naturel. Peu d&rsquo;endroits proposent des plages somptueuses et un sommet montagneux de 2300m \u00e0 moins d&rsquo;une heure de route. Dites nous ce que [&hellip;]\" \/>\n<meta property=\"og:url\" content=\"https:\/\/orobiancu.corsica\/en\/activites\/\" \/>\n<meta property=\"og:site_name\" content=\"Oro Biancu\" \/>\n<meta property=\"article:modified_time\" content=\"2021-06-11T15:44:19+00:00\" \/>\n<meta property=\"og:image\" content=\"https:\/\/orobiancu.corsica\/wp-content\/uploads\/2021\/04\/t2-article-1.jpg\" \/>\n\t<meta property=\"og:image:width\" content=\"600\" \/>\n\t<meta property=\"og:image:height\" content=\"400\" \/>\n\t<meta property=\"og:image:type\" content=\"image\/jpeg\" \/>\n<meta name=\"twitter:card\" content=\"summary_large_image\" \/>\n<meta name=\"twitter:label1\" content=\"Est. reading time\" \/>\n\t<meta name=\"twitter:data1\" content=\"1 minute\" \/>\n<script type=\"application\/ld+json\" class=\"yoast-schema-graph\">{\"@context\":\"https:\\\/\\\/schema.org\",\"@graph\":[{\"@type\":\"WebPage\",\"@id\":\"https:\\\/\\\/orobiancu.corsica\\\/en\\\/activites\\\/\",\"url\":\"https:\\\/\\\/orobiancu.corsica\\\/en\\\/activites\\\/\",\"name\":\"Toutes les activit\u00e9s autour de l'h\u00f4tel | Oro-Biancu H\u00f4tel-R\u00e9sidence en Haute-Corse\",\"isPartOf\":{\"@id\":\"https:\\\/\\\/orobiancu.corsica\\\/#website\"},\"datePublished\":\"2021-04-24T14:16:50+00:00\",\"dateModified\":\"2021-06-11T15:44:19+00:00\",\"breadcrumb\":{\"@id\":\"https:\\\/\\\/orobiancu.corsica\\\/en\\\/activites\\\/#breadcrumb\"},\"inLanguage\":\"en-US\",\"potentialAction\":[{\"@type\":\"ReadAction\",\"target\":[\"https:\\\/\\\/orobiancu.corsica\\\/en\\\/activites\\\/\"]}]},{\"@type\":\"BreadcrumbList\",\"@id\":\"https:\\\/\\\/orobiancu.corsica\\\/en\\\/activites\\\/#breadcrumb\",\"itemListElement\":[{\"@type\":\"ListItem\",\"position\":1,\"name\":\"Accueil\",\"item\":\"https:\\\/\\\/orobiancu.corsica\\\/\"},{\"@type\":\"ListItem\",\"position\":2,\"name\":\"Activit\u00e9s\"}]},{\"@type\":\"WebSite\",\"@id\":\"https:\\\/\\\/orobiancu.corsica\\\/#website\",\"url\":\"https:\\\/\\\/orobiancu.corsica\\\/\",\"name\":\"Oro Biancu\",\"description\":\"Un site utilisant WordPress\",\"publisher\":{\"@id\":\"https:\\\/\\\/orobiancu.corsica\\\/#organization\"},\"potentialAction\":[{\"@type\":\"SearchAction\",\"target\":{\"@type\":\"EntryPoint\",\"urlTemplate\":\"https:\\\/\\\/orobiancu.corsica\\\/?s={search_term_string}\"},\"query-input\":{\"@type\":\"PropertyValueSpecification\",\"valueRequired\":true,\"valueName\":\"search_term_string\"}}],\"inLanguage\":\"en-US\"},{\"@type\":\"Organization\",\"@id\":\"https:\\\/\\\/orobiancu.corsica\\\/#organization\",\"name\":\"Oro Biancu\",\"url\":\"https:\\\/\\\/orobiancu.corsica\\\/\",\"logo\":{\"@type\":\"ImageObject\",\"inLanguage\":\"en-US\",\"@id\":\"https:\\\/\\\/orobiancu.corsica\\\/#\\\/schema\\\/logo\\\/image\\\/\",\"url\":\"https:\\\/\\\/orobiancu.corsica\\\/wp-content\\\/uploads\\\/2021\\\/04\\\/cropped-logo2.jpg\",\"contentUrl\":\"https:\\\/\\\/orobiancu.corsica\\\/wp-content\\\/uploads\\\/2021\\\/04\\\/cropped-logo2.jpg\",\"width\":100,\"height\":173,\"caption\":\"Oro Biancu\"},\"image\":{\"@id\":\"https:\\\/\\\/orobiancu.corsica\\\/#\\\/schema\\\/logo\\\/image\\\/\"},\"sameAs\":[\"https:\\\/\\\/www.instagram.com\\\/orobiancu_residence_hoteliere\"]}]}<\/script>\n<!-- \/ Yoast SEO plugin. -->","yoast_head_json":{"title":"Toutes les activit\u00e9s autour de l'h\u00f4tel | Oro-Biancu H\u00f4tel-R\u00e9sidence en Haute-Corse","robots":{"index":"index","follow":"follow","max-snippet":"max-snippet:-1","max-image-preview":"max-image-preview:large","max-video-preview":"max-video-preview:-1"},"canonical":"https:\/\/orobiancu.corsica\/en\/activites\/","og_locale":"en_US","og_type":"article","og_title":"Toutes les activit\u00e9s autour de l'h\u00f4tel | Oro-Biancu H\u00f4tel-R\u00e9sidence en Haute-Corse","og_description":"Notre \u00e9quipe est disponible pour agr\u00e9menter votre s\u00e9jour avec des activit\u00e9s vari\u00e9es. La Corse offre une diversit\u00e9 de paysage qui suscitera votre curiosit\u00e9. Pratiquement la moiti\u00e9 de l&rsquo;Ile est class\u00e9e comme parc naturel. Peu d&rsquo;endroits proposent des plages somptueuses et un sommet montagneux de 2300m \u00e0 moins d&rsquo;une heure de route. Dites nous ce que [&hellip;]","og_url":"https:\/\/orobiancu.corsica\/en\/activites\/","og_site_name":"Oro Biancu","article_modified_time":"2021-06-11T15:44:19+00:00","og_image":[{"width":600,"height":400,"url":"https:\/\/orobiancu.corsica\/wp-content\/uploads\/2021\/04\/t2-article-1.jpg","type":"image\/jpeg"}],"twitter_card":"summary_large_image","twitter_misc":{"Est. reading time":"1 minute"},"schema":{"@context":"https:\/\/schema.org","@graph":[{"@type":"WebPage","@id":"https:\/\/orobiancu.corsica\/en\/activites\/","url":"https:\/\/orobiancu.corsica\/en\/activites\/","name":"Toutes les activit\u00e9s autour de l'h\u00f4tel | Oro-Biancu H\u00f4tel-R\u00e9sidence en Haute-Corse","isPartOf":{"@id":"https:\/\/orobiancu.corsica\/#website"},"datePublished":"2021-04-24T14:16:50+00:00","dateModified":"2021-06-11T15:44:19+00:00","breadcrumb":{"@id":"https:\/\/orobiancu.corsica\/en\/activites\/#breadcrumb"},"inLanguage":"en-US","potentialAction":[{"@type":"ReadAction","target":["https:\/\/orobiancu.corsica\/en\/activites\/"]}]},{"@type":"BreadcrumbList","@id":"https:\/\/orobiancu.corsica\/en\/activites\/#breadcrumb","itemListElement":[{"@type":"ListItem","position":1,"name":"Accueil","item":"https:\/\/orobiancu.corsica\/"},{"@type":"ListItem","position":2,"name":"Activit\u00e9s"}]},{"@type":"WebSite","@id":"https:\/\/orobiancu.corsica\/#website","url":"https:\/\/orobiancu.corsica\/","name":"Oro Biancu","description":"Un site utilisant WordPress","publisher":{"@id":"https:\/\/orobiancu.corsica\/#organization"},"potentialAction":[{"@type":"SearchAction","target":{"@type":"EntryPoint","urlTemplate":"https:\/\/orobiancu.corsica\/?s={search_term_string}"},"query-input":{"@type":"PropertyValueSpecification","valueRequired":true,"valueName":"search_term_string"}}],"inLanguage":"en-US"},{"@type":"Organization","@id":"https:\/\/orobiancu.corsica\/#organization","name":"Oro Biancu","url":"https:\/\/orobiancu.corsica\/","logo":{"@type":"ImageObject","inLanguage":"en-US","@id":"https:\/\/orobiancu.corsica\/#\/schema\/logo\/image\/","url":"https:\/\/orobiancu.corsica\/wp-content\/uploads\/2021\/04\/cropped-logo2.jpg","contentUrl":"https:\/\/orobiancu.corsica\/wp-content\/uploads\/2021\/04\/cropped-logo2.jpg","width":100,"height":173,"caption":"Oro Biancu"},"image":{"@id":"https:\/\/orobiancu.corsica\/#\/schema\/logo\/image\/"},"sameAs":["https:\/\/www.instagram.com\/orobiancu_residence_hoteliere"]}]}},"_links":{"self":[{"href":"https:\/\/orobiancu.corsica\/en\/wp-json\/wp\/v2\/pages\/148","targetHints":{"allow":["GET"]}}],"collection":[{"href":"https:\/\/orobiancu.corsica\/en\/wp-json\/wp\/v2\/pages"}],"about":[{"href":"https:\/\/orobiancu.corsica\/en\/wp-json\/wp\/v2\/types\/page"}],"author":[{"embeddable":true,"href":"https:\/\/orobiancu.corsica\/en\/wp-json\/wp\/v2\/users\/1"}],"replies":[{"embeddable":true,"href":"https:\/\/orobiancu.corsica\/en\/wp-json\/wp\/v2\/comments?post=148"}],"version-history":[{"count":15,"href":"https:\/\/orobiancu.corsica\/en\/wp-json\/wp\/v2\/pages\/148\/revisions"}],"predecessor-version":[{"id":1924,"href":"https:\/\/orobiancu.corsica\/en\/wp-json\/wp\/v2\/pages\/148\/revisions\/1924"}],"wp:attachment":[{"href":"https:\/\/orobiancu.corsica\/en\/wp-json\/wp\/v2\/media?parent=148"}],"curies":[{"name":"wp","href":"https:\/\/api.w.org\/{rel}","templated":true}]}}