{"id":143,"date":"2021-04-24T16:14:16","date_gmt":"2021-04-24T14:14:16","guid":{"rendered":"https:\/\/orobiancu.corsica\/?page_id=143"},"modified":"2021-06-16T12:54:50","modified_gmt":"2021-06-16T10:54:50","slug":"appartements","status":"publish","type":"page","link":"https:\/\/orobiancu.corsica\/en\/appartements\/","title":{"rendered":"Apartments"},"content":{"rendered":"<div data-elementor-type=\"wp-page\" data-elementor-id=\"143\" class=\"elementor elementor-143\" data-elementor-post-type=\"page\">\n\t\t\t\t\t\t<section class=\"elementor-section elementor-top-section elementor-element elementor-element-317a8e17 elementor-section-height-min-height elementor-section-boxed elementor-section-height-default elementor-section-items-middle\" data-id=\"317a8e17\" data-element_type=\"section\" data-e-type=\"section\" data-settings=\"{&quot;background_background&quot;:&quot;classic&quot;,&quot;jet_parallax_layout_list&quot;:[]}\">\n\t\t\t\t\t\t\t<div class=\"elementor-background-overlay\"><\/div>\n\t\t\t\t\t\t\t<div class=\"elementor-container elementor-column-gap-default\">\n\t\t\t\t\t<div class=\"elementor-column elementor-col-100 elementor-top-column elementor-element elementor-element-63bf0c55\" data-id=\"63bf0c55\" data-element_type=\"column\" data-e-type=\"column\">\n\t\t\t<div class=\"elementor-widget-wrap elementor-element-populated\">\n\t\t\t\t\t\t<div class=\"elementor-element elementor-element-26613cd2 elementor-cta--skin-cover safe_text_justify elementor-widget elementor-widget-call-to-action\" data-id=\"26613cd2\" data-element_type=\"widget\" data-e-type=\"widget\" data-settings=\"{&quot;_animation&quot;:&quot;none&quot;}\" data-widget_type=\"call-to-action.default\">\n\t\t\t\t\t\t\t<div class=\"elementor-cta\">\n\t\t\t\t\t<div class=\"elementor-cta__bg-wrapper\">\n\t\t\t\t<div class=\"elementor-cta__bg elementor-bg\" style=\"background-image: url();\" role=\"img\" aria-label=\"\"><\/div>\n\t\t\t\t<div class=\"elementor-cta__bg-overlay\"><\/div>\n\t\t\t<\/div>\n\t\t\t\t\t\t\t<div class=\"elementor-cta__content\">\n\t\t\t\t\n\t\t\t\t\n\t\t\t\t\t\t\t\t\t<div class=\"elementor-cta__description elementor-cta__content-item elementor-content-item translation-block\">THERE ARE 13 APARTMENTS IN THE 750 M2 PREMISES, EACH WITH ITS PATIO. THE INTERIOR DECOR IS REFINED, AND THE APARTMENTS EACH HAVE A SPECIFIC CONFIGURATION, SO THAT YOU WILL FIND THE APARTMENT THAT BEST FITS YOUR NEEDS.<br><br>\nEACH HAS BEEN DESIGNED DOWN TO THE SMALLEST DETAIL TO GIVE YOU SPACE FOR SLEEP, FOR RELAXATION AND FOR FUN.<\/div>\n\t\t\t\t\n\t\t\t\t\t\t\t<\/div>\n\t\t\t\t\t\t<\/div>\n\t\t\t\t\t\t<\/div>\n\t\t\t\t\t<\/div>\n\t\t<\/div>\n\t\t\t\t\t<\/div>\n\t\t<\/section>\n\t\t\t\t<section class=\"elementor-section elementor-top-section elementor-element elementor-element-1233e1d elementor-section-boxed elementor-section-height-default elementor-section-height-default\" data-id=\"1233e1d\" data-element_type=\"section\" data-e-type=\"section\" data-settings=\"{&quot;jet_parallax_layout_list&quot;:[]}\">\n\t\t\t\t\t\t<div class=\"elementor-container elementor-column-gap-default\">\n\t\t\t\t\t<div class=\"elementor-column elementor-col-100 elementor-top-column elementor-element elementor-element-eb0eef0\" data-id=\"eb0eef0\" data-element_type=\"column\" data-e-type=\"column\">\n\t\t\t<div class=\"elementor-widget-wrap\">\n\t\t\t\t\t\t\t<\/div>\n\t\t<\/div>\n\t\t\t\t\t<\/div>\n\t\t<\/section>\n\t\t\t\t<section class=\"elementor-section elementor-top-section elementor-element elementor-element-b49c46f elementor-section-boxed elementor-section-height-default elementor-section-height-default\" data-id=\"b49c46f\" data-element_type=\"section\" data-e-type=\"section\" data-settings=\"{&quot;jet_parallax_layout_list&quot;:[]}\">\n\t\t\t\t\t\t<div class=\"elementor-container elementor-column-gap-default\">\n\t\t\t\t\t<div class=\"elementor-column elementor-col-100 elementor-top-column elementor-element elementor-element-0693c58\" data-id=\"0693c58\" data-element_type=\"column\" data-e-type=\"column\">\n\t\t\t<div class=\"elementor-widget-wrap elementor-element-populated\">\n\t\t\t\t\t\t<div class=\"elementor-element elementor-element-22e7f12 resources-portfolio elementor-grid-3 elementor-grid-tablet-2 elementor-grid-mobile-1 elementor-widget elementor-widget-portfolio\" data-id=\"22e7f12\" data-element_type=\"widget\" data-e-type=\"widget\" data-settings=\"{&quot;row_gap&quot;:{&quot;unit&quot;:&quot;px&quot;,&quot;size&quot;:20,&quot;sizes&quot;:[]},&quot;columns&quot;:&quot;3&quot;,&quot;columns_tablet&quot;:&quot;2&quot;,&quot;columns_mobile&quot;:&quot;1&quot;,&quot;item_ratio&quot;:{&quot;unit&quot;:&quot;px&quot;,&quot;size&quot;:0.66,&quot;sizes&quot;:[]},&quot;item_gap&quot;:{&quot;unit&quot;:&quot;px&quot;,&quot;size&quot;:&quot;&quot;,&quot;sizes&quot;:[]}}\" data-widget_type=\"portfolio.default\">\n\t\t\t\t<div class=\"elementor-widget-container\">\n\t\t\t\t\t\t\t<ul class=\"elementor-portfolio__filters\">\n\t\t\t<li class=\"elementor-portfolio__filter elementor-active\" tabindex=\"0\" data-filter=\"__all\">All<\/li>\n\t\t\t\t\t\t\t<li class=\"elementor-portfolio__filter\" tabindex=\"0\" data-filter=\"24\">Garden<\/li>\n\t\t\t\t\t\t\t<li class=\"elementor-portfolio__filter\" tabindex=\"0\" data-filter=\"27\">STUDIO<\/li>\n\t\t\t\t\t\t\t<li class=\"elementor-portfolio__filter\" tabindex=\"0\" data-filter=\"22\">T2<\/li>\n\t\t\t\t\t\t\t<li class=\"elementor-portfolio__filter\" tabindex=\"0\" data-filter=\"19\">T4<\/li>\n\t\t\t\t\t\t\t<li class=\"elementor-portfolio__filter\" tabindex=\"0\" data-filter=\"20\">terrace<\/li>\n\t\t\t\t\t\t\t<li class=\"elementor-portfolio__filter\" tabindex=\"0\" data-filter=\"21\">SEA VIEW<\/li>\n\t\t\t\t\t\t\t<li class=\"elementor-portfolio__filter\" tabindex=\"0\" data-filter=\"23\">MOUNTAIN VIEW<\/li>\n\t\t\t\t\t<\/ul>\n\t\t\t\t<div class=\"elementor-portfolio elementor-grid elementor-posts-container\" role=\"list\">\n\t\t\t\t<article class=\"elementor-portfolio-item elementor-post elementor-filter-19 elementor-filter-20 elementor-filter-21 post-564 post type-post status-publish format-standard has-post-thumbnail hentry category-appartement tag-t4 tag-terrasse tag-vue-mer\" role=\"listitem\">\n\t\t\t<a class=\"elementor-post__thumbnail__link\" href=\"https:\/\/orobiancu.corsica\/en\/t4-vue-mer-avec-jardin\/\">\n\t\t\t\t<div class=\"elementor-portfolio-item__img elementor-post__thumbnail\">\n\t\t\t<img fetchpriority=\"high\" decoding=\"async\" width=\"800\" height=\"534\" src=\"https:\/\/orobiancu.corsica\/wp-content\/uploads\/2021\/04\/grand-T4-T6-terrasse-orobiancu-24-00-1024x683.jpg\" class=\"attachment-large size-large wp-image-3410\" alt=\"\" srcset=\"https:\/\/orobiancu.corsica\/wp-content\/uploads\/2021\/04\/grand-T4-T6-terrasse-orobiancu-24-00-1024x683.jpg 1024w, https:\/\/orobiancu.corsica\/wp-content\/uploads\/2021\/04\/grand-T4-T6-terrasse-orobiancu-24-00-300x200.jpg 300w, https:\/\/orobiancu.corsica\/wp-content\/uploads\/2021\/04\/grand-T4-T6-terrasse-orobiancu-24-00-768x512.jpg 768w, https:\/\/orobiancu.corsica\/wp-content\/uploads\/2021\/04\/grand-T4-T6-terrasse-orobiancu-24-00-18x12.jpg 18w, https:\/\/orobiancu.corsica\/wp-content\/uploads\/2021\/04\/grand-T4-T6-terrasse-orobiancu-24-00.jpg 1200w\" sizes=\"(max-width: 800px) 100vw, 800px\" \/>\t\t<\/div>\n\t\t\t\t<div class=\"elementor-portfolio-item__overlay\">\n\t\t\t\t<h2 class=\"elementor-portfolio-item__title\">\n\t\tGRAND T4 &#8211; T6 VUE MER AVEC JARDIN\t\t<\/h2>\n\t\t\t\t<\/div>\n\t\t\t\t<\/a>\n\t\t<\/article>\n\t\t\t\t<article class=\"elementor-portfolio-item elementor-post elementor-filter-22 elementor-filter-19 elementor-filter-20 elementor-filter-23 post-563 post type-post status-publish format-standard has-post-thumbnail hentry category-appartement tag-t2 tag-t4 tag-terrasse tag-vue-montagne\" role=\"listitem\">\n\t\t\t<a class=\"elementor-post__thumbnail__link\" href=\"https:\/\/orobiancu.corsica\/en\/t2-t4-vue-montagne-avec-terrasse\/\">\n\t\t\t\t<div class=\"elementor-portfolio-item__img elementor-post__thumbnail\">\n\t\t\t<img decoding=\"async\" width=\"800\" height=\"534\" src=\"https:\/\/orobiancu.corsica\/wp-content\/uploads\/2021\/04\/T2-T3-T4-vue-montagne-terrasse-orobiancu-24-00-1024x683.jpg\" class=\"attachment-large size-large wp-image-3384\" alt=\"\" srcset=\"https:\/\/orobiancu.corsica\/wp-content\/uploads\/2021\/04\/T2-T3-T4-vue-montagne-terrasse-orobiancu-24-00-1024x683.jpg 1024w, https:\/\/orobiancu.corsica\/wp-content\/uploads\/2021\/04\/T2-T3-T4-vue-montagne-terrasse-orobiancu-24-00-300x200.jpg 300w, https:\/\/orobiancu.corsica\/wp-content\/uploads\/2021\/04\/T2-T3-T4-vue-montagne-terrasse-orobiancu-24-00-768x512.jpg 768w, https:\/\/orobiancu.corsica\/wp-content\/uploads\/2021\/04\/T2-T3-T4-vue-montagne-terrasse-orobiancu-24-00-18x12.jpg 18w, https:\/\/orobiancu.corsica\/wp-content\/uploads\/2021\/04\/T2-T3-T4-vue-montagne-terrasse-orobiancu-24-00.jpg 1200w\" sizes=\"(max-width: 800px) 100vw, 800px\" \/>\t\t<\/div>\n\t\t\t\t<div class=\"elementor-portfolio-item__overlay\">\n\t\t\t\t<h2 class=\"elementor-portfolio-item__title\">\n\t\tT2 \/ T4 MOUNTAIN VIEW WITH TERRACE\t\t<\/h2>\n\t\t\t\t<\/div>\n\t\t\t\t<\/a>\n\t\t<\/article>\n\t\t\t\t<article class=\"elementor-portfolio-item elementor-post elementor-filter-24 elementor-filter-27 elementor-filter-21 post-561 post type-post status-publish format-standard has-post-thumbnail hentry category-appartement tag-jardin tag-studio tag-vue-mer\" role=\"listitem\">\n\t\t\t<a class=\"elementor-post__thumbnail__link\" href=\"https:\/\/orobiancu.corsica\/en\/studio-vue-mer-avec-jardin\/\">\n\t\t\t\t<div class=\"elementor-portfolio-item__img elementor-post__thumbnail\">\n\t\t\t<img decoding=\"async\" width=\"800\" height=\"534\" src=\"https:\/\/orobiancu.corsica\/wp-content\/uploads\/2021\/04\/studio-vue-mer-orobiancu-24-01-1024x683.jpg\" class=\"attachment-large size-large wp-image-3357\" alt=\"\" srcset=\"https:\/\/orobiancu.corsica\/wp-content\/uploads\/2021\/04\/studio-vue-mer-orobiancu-24-01-1024x683.jpg 1024w, https:\/\/orobiancu.corsica\/wp-content\/uploads\/2021\/04\/studio-vue-mer-orobiancu-24-01-300x200.jpg 300w, https:\/\/orobiancu.corsica\/wp-content\/uploads\/2021\/04\/studio-vue-mer-orobiancu-24-01-768x512.jpg 768w, https:\/\/orobiancu.corsica\/wp-content\/uploads\/2021\/04\/studio-vue-mer-orobiancu-24-01-18x12.jpg 18w, https:\/\/orobiancu.corsica\/wp-content\/uploads\/2021\/04\/studio-vue-mer-orobiancu-24-01.jpg 1200w\" sizes=\"(max-width: 800px) 100vw, 800px\" \/>\t\t<\/div>\n\t\t\t\t<div class=\"elementor-portfolio-item__overlay\">\n\t\t\t\t<h2 class=\"elementor-portfolio-item__title\">\n\t\tSTUDIO SEA VIEW WITH GARDEN\t\t<\/h2>\n\t\t\t\t<\/div>\n\t\t\t\t<\/a>\n\t\t<\/article>\n\t\t\t\t<article class=\"elementor-portfolio-item elementor-post elementor-filter-22 elementor-filter-19 elementor-filter-20 elementor-filter-21 post-560 post type-post status-publish format-standard has-post-thumbnail hentry category-appartement tag-t2 tag-t4 tag-terrasse tag-vue-mer\" role=\"listitem\">\n\t\t\t<a class=\"elementor-post__thumbnail__link\" href=\"https:\/\/orobiancu.corsica\/en\/t2-t4-vue-mer-avec-terrasse\/\">\n\t\t\t\t<div class=\"elementor-portfolio-item__img elementor-post__thumbnail\">\n\t\t\t<img loading=\"lazy\" decoding=\"async\" width=\"800\" height=\"534\" src=\"https:\/\/orobiancu.corsica\/wp-content\/uploads\/2021\/04\/T2-T4-vue-mer-salle-de-bain-orobiancu-24-00-1024x683.jpg\" class=\"attachment-large size-large wp-image-3398\" alt=\"\" srcset=\"https:\/\/orobiancu.corsica\/wp-content\/uploads\/2021\/04\/T2-T4-vue-mer-salle-de-bain-orobiancu-24-00-1024x683.jpg 1024w, https:\/\/orobiancu.corsica\/wp-content\/uploads\/2021\/04\/T2-T4-vue-mer-salle-de-bain-orobiancu-24-00-300x200.jpg 300w, https:\/\/orobiancu.corsica\/wp-content\/uploads\/2021\/04\/T2-T4-vue-mer-salle-de-bain-orobiancu-24-00-768x512.jpg 768w, https:\/\/orobiancu.corsica\/wp-content\/uploads\/2021\/04\/T2-T4-vue-mer-salle-de-bain-orobiancu-24-00-18x12.jpg 18w, https:\/\/orobiancu.corsica\/wp-content\/uploads\/2021\/04\/T2-T4-vue-mer-salle-de-bain-orobiancu-24-00.jpg 1200w\" sizes=\"(max-width: 800px) 100vw, 800px\" \/>\t\t<\/div>\n\t\t\t\t<div class=\"elementor-portfolio-item__overlay\">\n\t\t\t\t<h2 class=\"elementor-portfolio-item__title\">\n\t\tT2-T3-T4 SEA VIEW WITH TERRACE\t\t<\/h2>\n\t\t\t\t<\/div>\n\t\t\t\t<\/a>\n\t\t<\/article>\n\t\t\t\t<article class=\"elementor-portfolio-item elementor-post elementor-filter-24 elementor-filter-27 elementor-filter-23 post-558 post type-post status-publish format-standard has-post-thumbnail hentry category-appartement tag-jardin tag-studio tag-vue-montagne\" role=\"listitem\">\n\t\t\t<a class=\"elementor-post__thumbnail__link\" href=\"https:\/\/orobiancu.corsica\/en\/studio-vue-montagne-avec-jardin\/\">\n\t\t\t\t<div class=\"elementor-portfolio-item__img elementor-post__thumbnail\">\n\t\t\t<img loading=\"lazy\" decoding=\"async\" width=\"800\" height=\"534\" src=\"https:\/\/orobiancu.corsica\/wp-content\/uploads\/2021\/04\/studio-vue-montagne-orobiancu-24-06-1024x683.jpg\" class=\"attachment-large size-large wp-image-3372\" alt=\"\" srcset=\"https:\/\/orobiancu.corsica\/wp-content\/uploads\/2021\/04\/studio-vue-montagne-orobiancu-24-06-1024x683.jpg 1024w, https:\/\/orobiancu.corsica\/wp-content\/uploads\/2021\/04\/studio-vue-montagne-orobiancu-24-06-300x200.jpg 300w, https:\/\/orobiancu.corsica\/wp-content\/uploads\/2021\/04\/studio-vue-montagne-orobiancu-24-06-768x512.jpg 768w, https:\/\/orobiancu.corsica\/wp-content\/uploads\/2021\/04\/studio-vue-montagne-orobiancu-24-06-18x12.jpg 18w, https:\/\/orobiancu.corsica\/wp-content\/uploads\/2021\/04\/studio-vue-montagne-orobiancu-24-06.jpg 1200w\" sizes=\"(max-width: 800px) 100vw, 800px\" \/>\t\t<\/div>\n\t\t\t\t<div class=\"elementor-portfolio-item__overlay\">\n\t\t\t\t<h2 class=\"elementor-portfolio-item__title\">\n\t\tMOUNTAIN VIEW STUDIO WITH GARDEN\t\t<\/h2>\n\t\t\t\t<\/div>\n\t\t\t\t<\/a>\n\t\t<\/article>\n\t\t\t\t<\/div>\n\t\t\t\t\t\t<\/div>\n\t\t\t\t<\/div>\n\t\t\t\t\t<\/div>\n\t\t<\/div>\n\t\t\t\t\t<\/div>\n\t\t<\/section>\n\t\t\t\t<\/div>","protected":false},"excerpt":{"rendered":"<p>La r\u00e9sidence de 750m2 dispose de 13 appartements, tous avec terrasse. D\u00e9cor\u00e9s de fa\u00e7on raffin\u00e9e, les appartements sont tous d&rsquo;une configuration sp\u00e9cifique. Ainsi vous trouverez l&rsquo;appartement correspondant \u00e0 vos besoins. La conception de chacun a \u00e9t\u00e9 pens\u00e9e dans ses moindres d\u00e9tails pour vous proposer des espaces d\u00e9di\u00e9s au sommeil, \u00e0 la d\u00e9tente et au divertissement.<\/p>","protected":false},"author":1,"featured_media":0,"parent":0,"menu_order":0,"comment_status":"closed","ping_status":"closed","template":"","meta":{"footnotes":""},"class_list":["post-143","page","type-page","status-publish","hentry"],"yoast_head":"<!-- This site is optimized with the Yoast SEO plugin v27.4 - https:\/\/yoast.com\/product\/yoast-seo-wordpress\/ -->\n<title>Tous Nos Appartement | Oro-Biancu H\u00f4tel-R\u00e9sidence en Haute-Corse<\/title>\n<meta name=\"robots\" content=\"index, follow, max-snippet:-1, max-image-preview:large, max-video-preview:-1\" \/>\n<link rel=\"canonical\" href=\"https:\/\/orobiancu.corsica\/en\/appartements\/\" \/>\n<meta property=\"og:locale\" content=\"en_US\" \/>\n<meta property=\"og:type\" content=\"article\" \/>\n<meta property=\"og:title\" content=\"Tous Nos Appartement | Oro-Biancu H\u00f4tel-R\u00e9sidence en Haute-Corse\" \/>\n<meta property=\"og:description\" content=\"La r\u00e9sidence de 750m2 dispose de 13 appartements, tous avec terrasse. D\u00e9cor\u00e9s de fa\u00e7on raffin\u00e9e, les appartements sont tous d&rsquo;une configuration sp\u00e9cifique. Ainsi vous trouverez l&rsquo;appartement correspondant \u00e0 vos besoins. La conception de chacun a \u00e9t\u00e9 pens\u00e9e dans ses moindres d\u00e9tails pour vous proposer des espaces d\u00e9di\u00e9s au sommeil, \u00e0 la d\u00e9tente et au divertissement.\" \/>\n<meta property=\"og:url\" content=\"https:\/\/orobiancu.corsica\/en\/appartements\/\" \/>\n<meta property=\"og:site_name\" content=\"Oro Biancu\" \/>\n<meta property=\"article:modified_time\" content=\"2021-06-16T10:54:50+00:00\" \/>\n<meta property=\"og:image\" content=\"https:\/\/orobiancu.corsica\/wp-content\/uploads\/2021\/04\/t2-article-1.jpg\" \/>\n\t<meta property=\"og:image:width\" content=\"600\" \/>\n\t<meta property=\"og:image:height\" content=\"400\" \/>\n\t<meta property=\"og:image:type\" content=\"image\/jpeg\" \/>\n<meta name=\"twitter:card\" content=\"summary_large_image\" \/>\n<meta name=\"twitter:label1\" content=\"Est. reading time\" \/>\n\t<meta name=\"twitter:data1\" content=\"2 minutes\" \/>\n<script type=\"application\/ld+json\" class=\"yoast-schema-graph\">{\"@context\":\"https:\\\/\\\/schema.org\",\"@graph\":[{\"@type\":\"WebPage\",\"@id\":\"https:\\\/\\\/orobiancu.corsica\\\/appartements\\\/\",\"url\":\"https:\\\/\\\/orobiancu.corsica\\\/appartements\\\/\",\"name\":\"Tous Nos Appartement | Oro-Biancu H\u00f4tel-R\u00e9sidence en Haute-Corse\",\"isPartOf\":{\"@id\":\"https:\\\/\\\/orobiancu.corsica\\\/#website\"},\"datePublished\":\"2021-04-24T14:14:16+00:00\",\"dateModified\":\"2021-06-16T10:54:50+00:00\",\"breadcrumb\":{\"@id\":\"https:\\\/\\\/orobiancu.corsica\\\/appartements\\\/#breadcrumb\"},\"inLanguage\":\"en-US\",\"potentialAction\":[{\"@type\":\"ReadAction\",\"target\":[\"https:\\\/\\\/orobiancu.corsica\\\/appartements\\\/\"]}]},{\"@type\":\"BreadcrumbList\",\"@id\":\"https:\\\/\\\/orobiancu.corsica\\\/appartements\\\/#breadcrumb\",\"itemListElement\":[{\"@type\":\"ListItem\",\"position\":1,\"name\":\"Accueil\",\"item\":\"https:\\\/\\\/orobiancu.corsica\\\/\"},{\"@type\":\"ListItem\",\"position\":2,\"name\":\"Appartements\"}]},{\"@type\":\"WebSite\",\"@id\":\"https:\\\/\\\/orobiancu.corsica\\\/#website\",\"url\":\"https:\\\/\\\/orobiancu.corsica\\\/\",\"name\":\"Oro Biancu\",\"description\":\"Un site utilisant WordPress\",\"publisher\":{\"@id\":\"https:\\\/\\\/orobiancu.corsica\\\/#organization\"},\"potentialAction\":[{\"@type\":\"SearchAction\",\"target\":{\"@type\":\"EntryPoint\",\"urlTemplate\":\"https:\\\/\\\/orobiancu.corsica\\\/?s={search_term_string}\"},\"query-input\":{\"@type\":\"PropertyValueSpecification\",\"valueRequired\":true,\"valueName\":\"search_term_string\"}}],\"inLanguage\":\"en-US\"},{\"@type\":\"Organization\",\"@id\":\"https:\\\/\\\/orobiancu.corsica\\\/#organization\",\"name\":\"Oro Biancu\",\"url\":\"https:\\\/\\\/orobiancu.corsica\\\/\",\"logo\":{\"@type\":\"ImageObject\",\"inLanguage\":\"en-US\",\"@id\":\"https:\\\/\\\/orobiancu.corsica\\\/#\\\/schema\\\/logo\\\/image\\\/\",\"url\":\"https:\\\/\\\/orobiancu.corsica\\\/wp-content\\\/uploads\\\/2021\\\/04\\\/cropped-logo2.jpg\",\"contentUrl\":\"https:\\\/\\\/orobiancu.corsica\\\/wp-content\\\/uploads\\\/2021\\\/04\\\/cropped-logo2.jpg\",\"width\":100,\"height\":173,\"caption\":\"Oro Biancu\"},\"image\":{\"@id\":\"https:\\\/\\\/orobiancu.corsica\\\/#\\\/schema\\\/logo\\\/image\\\/\"},\"sameAs\":[\"https:\\\/\\\/www.instagram.com\\\/orobiancu_residence_hoteliere\"]}]}<\/script>\n<!-- \/ Yoast SEO plugin. -->","yoast_head_json":{"title":"Tous Nos Appartement | Oro-Biancu H\u00f4tel-R\u00e9sidence en Haute-Corse","robots":{"index":"index","follow":"follow","max-snippet":"max-snippet:-1","max-image-preview":"max-image-preview:large","max-video-preview":"max-video-preview:-1"},"canonical":"https:\/\/orobiancu.corsica\/en\/appartements\/","og_locale":"en_US","og_type":"article","og_title":"Tous Nos Appartement | Oro-Biancu H\u00f4tel-R\u00e9sidence en Haute-Corse","og_description":"La r\u00e9sidence de 750m2 dispose de 13 appartements, tous avec terrasse. D\u00e9cor\u00e9s de fa\u00e7on raffin\u00e9e, les appartements sont tous d&rsquo;une configuration sp\u00e9cifique. Ainsi vous trouverez l&rsquo;appartement correspondant \u00e0 vos besoins. La conception de chacun a \u00e9t\u00e9 pens\u00e9e dans ses moindres d\u00e9tails pour vous proposer des espaces d\u00e9di\u00e9s au sommeil, \u00e0 la d\u00e9tente et au divertissement.","og_url":"https:\/\/orobiancu.corsica\/en\/appartements\/","og_site_name":"Oro Biancu","article_modified_time":"2021-06-16T10:54:50+00:00","og_image":[{"width":600,"height":400,"url":"https:\/\/orobiancu.corsica\/wp-content\/uploads\/2021\/04\/t2-article-1.jpg","type":"image\/jpeg"}],"twitter_card":"summary_large_image","twitter_misc":{"Est. reading time":"2 minutes"},"schema":{"@context":"https:\/\/schema.org","@graph":[{"@type":"WebPage","@id":"https:\/\/orobiancu.corsica\/appartements\/","url":"https:\/\/orobiancu.corsica\/appartements\/","name":"Tous Nos Appartement | Oro-Biancu H\u00f4tel-R\u00e9sidence en Haute-Corse","isPartOf":{"@id":"https:\/\/orobiancu.corsica\/#website"},"datePublished":"2021-04-24T14:14:16+00:00","dateModified":"2021-06-16T10:54:50+00:00","breadcrumb":{"@id":"https:\/\/orobiancu.corsica\/appartements\/#breadcrumb"},"inLanguage":"en-US","potentialAction":[{"@type":"ReadAction","target":["https:\/\/orobiancu.corsica\/appartements\/"]}]},{"@type":"BreadcrumbList","@id":"https:\/\/orobiancu.corsica\/appartements\/#breadcrumb","itemListElement":[{"@type":"ListItem","position":1,"name":"Accueil","item":"https:\/\/orobiancu.corsica\/"},{"@type":"ListItem","position":2,"name":"Appartements"}]},{"@type":"WebSite","@id":"https:\/\/orobiancu.corsica\/#website","url":"https:\/\/orobiancu.corsica\/","name":"Oro Biancu","description":"Un site utilisant WordPress","publisher":{"@id":"https:\/\/orobiancu.corsica\/#organization"},"potentialAction":[{"@type":"SearchAction","target":{"@type":"EntryPoint","urlTemplate":"https:\/\/orobiancu.corsica\/?s={search_term_string}"},"query-input":{"@type":"PropertyValueSpecification","valueRequired":true,"valueName":"search_term_string"}}],"inLanguage":"en-US"},{"@type":"Organization","@id":"https:\/\/orobiancu.corsica\/#organization","name":"Oro Biancu","url":"https:\/\/orobiancu.corsica\/","logo":{"@type":"ImageObject","inLanguage":"en-US","@id":"https:\/\/orobiancu.corsica\/#\/schema\/logo\/image\/","url":"https:\/\/orobiancu.corsica\/wp-content\/uploads\/2021\/04\/cropped-logo2.jpg","contentUrl":"https:\/\/orobiancu.corsica\/wp-content\/uploads\/2021\/04\/cropped-logo2.jpg","width":100,"height":173,"caption":"Oro Biancu"},"image":{"@id":"https:\/\/orobiancu.corsica\/#\/schema\/logo\/image\/"},"sameAs":["https:\/\/www.instagram.com\/orobiancu_residence_hoteliere"]}]}},"_links":{"self":[{"href":"https:\/\/orobiancu.corsica\/en\/wp-json\/wp\/v2\/pages\/143","targetHints":{"allow":["GET"]}}],"collection":[{"href":"https:\/\/orobiancu.corsica\/en\/wp-json\/wp\/v2\/pages"}],"about":[{"href":"https:\/\/orobiancu.corsica\/en\/wp-json\/wp\/v2\/types\/page"}],"author":[{"embeddable":true,"href":"https:\/\/orobiancu.corsica\/en\/wp-json\/wp\/v2\/users\/1"}],"replies":[{"embeddable":true,"href":"https:\/\/orobiancu.corsica\/en\/wp-json\/wp\/v2\/comments?post=143"}],"version-history":[{"count":51,"href":"https:\/\/orobiancu.corsica\/en\/wp-json\/wp\/v2\/pages\/143\/revisions"}],"predecessor-version":[{"id":2080,"href":"https:\/\/orobiancu.corsica\/en\/wp-json\/wp\/v2\/pages\/143\/revisions\/2080"}],"wp:attachment":[{"href":"https:\/\/orobiancu.corsica\/en\/wp-json\/wp\/v2\/media?parent=143"}],"curies":[{"name":"wp","href":"https:\/\/api.w.org\/{rel}","templated":true}]}}