{"id":123,"date":"2021-04-24T15:59:01","date_gmt":"2021-04-24T13:59:01","guid":{"rendered":"https:\/\/orobiancu.corsica\/?page_id=123"},"modified":"2021-06-07T11:01:38","modified_gmt":"2021-06-07T09:01:38","slug":"mentions-legales","status":"publish","type":"page","link":"https:\/\/orobiancu.corsica\/en\/mentions-legales\/","title":{"rendered":"Legal Notice"},"content":{"rendered":"<div data-elementor-type=\"wp-page\" data-elementor-id=\"123\" class=\"elementor elementor-123\" data-elementor-post-type=\"page\">\n\t\t\t\t\t\t<section class=\"elementor-section elementor-top-section elementor-element elementor-element-1035fec elementor-section-boxed elementor-section-height-default elementor-section-height-default\" data-id=\"1035fec\" data-element_type=\"section\" data-e-type=\"section\" data-settings=\"{&quot;jet_parallax_layout_list&quot;:[]}\">\n\t\t\t\t\t\t<div class=\"elementor-container elementor-column-gap-default\">\n\t\t\t\t\t<div class=\"elementor-column elementor-col-100 elementor-top-column elementor-element elementor-element-3b140f1\" data-id=\"3b140f1\" data-element_type=\"column\" data-e-type=\"column\">\n\t\t\t<div class=\"elementor-widget-wrap elementor-element-populated\">\n\t\t\t\t\t\t<div class=\"elementor-element elementor-element-078a171 elementor-widget elementor-widget-heading\" data-id=\"078a171\" data-element_type=\"widget\" data-e-type=\"widget\" data-widget_type=\"heading.default\">\n\t\t\t\t\t<h1 class=\"elementor-heading-title elementor-size-default\">LEGAL NOTICE<\/h1>\t\t\t\t<\/div>\n\t\t\t\t\t<\/div>\n\t\t<\/div>\n\t\t\t\t\t<\/div>\n\t\t<\/section>\n\t\t\t\t<section class=\"elementor-section elementor-top-section elementor-element elementor-element-4c8f5ac elementor-section-boxed elementor-section-height-default elementor-section-height-default\" data-id=\"4c8f5ac\" data-element_type=\"section\" data-e-type=\"section\" data-settings=\"{&quot;jet_parallax_layout_list&quot;:[]}\">\n\t\t\t\t\t\t<div class=\"elementor-container elementor-column-gap-default\">\n\t\t\t\t\t<div class=\"elementor-column elementor-col-100 elementor-top-column elementor-element elementor-element-54ef0a4\" data-id=\"54ef0a4\" data-element_type=\"column\" data-e-type=\"column\">\n\t\t\t<div class=\"elementor-widget-wrap elementor-element-populated\">\n\t\t\t\t\t\t<div class=\"elementor-element elementor-element-d1b54de elementor-widget elementor-widget-text-editor\" data-id=\"d1b54de\" data-element_type=\"widget\" data-e-type=\"widget\" data-widget_type=\"text-editor.default\">\n\t\t\t\t\t\t\t\t\t<p>In accordance with the provisions of Law No. 2004-575 of June 21, 2004 on confidence in the digital economy, users of the orobiancu.corsica site are informed of the identity of the various stakeholders in the context of its implementation and monitoring. .<\/p>\t\t\t\t\t\t\t\t<\/div>\n\t\t\t\t\t<\/div>\n\t\t<\/div>\n\t\t\t\t\t<\/div>\n\t\t<\/section>\n\t\t\t\t<section class=\"elementor-section elementor-top-section elementor-element elementor-element-1c65cc0 elementor-section-boxed elementor-section-height-default elementor-section-height-default\" data-id=\"1c65cc0\" data-element_type=\"section\" data-e-type=\"section\" data-settings=\"{&quot;jet_parallax_layout_list&quot;:[]}\">\n\t\t\t\t\t\t<div class=\"elementor-container elementor-column-gap-default\">\n\t\t\t\t\t<div class=\"elementor-column elementor-col-100 elementor-top-column elementor-element elementor-element-6bc4ec4\" data-id=\"6bc4ec4\" data-element_type=\"column\" data-e-type=\"column\">\n\t\t\t<div class=\"elementor-widget-wrap elementor-element-populated\">\n\t\t\t\t\t\t<div class=\"elementor-element elementor-element-2ef462d elementor-widget elementor-widget-heading\" data-id=\"2ef462d\" data-element_type=\"widget\" data-e-type=\"widget\" data-widget_type=\"heading.default\">\n\t\t\t\t\t<h2 class=\"elementor-heading-title elementor-size-default\">Site edition<\/h2>\t\t\t\t<\/div>\n\t\t\t\t<div class=\"elementor-element elementor-element-91f6b0a elementor-widget elementor-widget-text-editor\" data-id=\"91f6b0a\" data-element_type=\"widget\" data-e-type=\"widget\" data-widget_type=\"text-editor.default\">\n\t\t\t\t\t\t\t\t\t<p>SARL ANNEIS<br \/>Residence Altore<br \/>chemin des Olivers<br \/>20200 VILLE DI PIETRABUGNO &#8211; France<br \/><br \/>SIREN : 893019943<br \/>TVA Intracommunautaire FR60893019943<br \/>Code NAF : 5510Z<\/p>\t\t\t\t\t\t\t\t<\/div>\n\t\t\t\t\t<\/div>\n\t\t<\/div>\n\t\t\t\t\t<\/div>\n\t\t<\/section>\n\t\t\t\t<section class=\"elementor-section elementor-top-section elementor-element elementor-element-6578dea elementor-section-boxed elementor-section-height-default elementor-section-height-default\" data-id=\"6578dea\" data-element_type=\"section\" data-e-type=\"section\" data-settings=\"{&quot;jet_parallax_layout_list&quot;:[]}\">\n\t\t\t\t\t\t<div class=\"elementor-container elementor-column-gap-default\">\n\t\t\t\t\t<div class=\"elementor-column elementor-col-100 elementor-top-column elementor-element elementor-element-c21cc21\" data-id=\"c21cc21\" data-element_type=\"column\" data-e-type=\"column\">\n\t\t\t<div class=\"elementor-widget-wrap elementor-element-populated\">\n\t\t\t\t\t\t<div class=\"elementor-element elementor-element-e585368 elementor-widget elementor-widget-heading\" data-id=\"e585368\" data-element_type=\"widget\" data-e-type=\"widget\" data-widget_type=\"heading.default\">\n\t\t\t\t\t<h2 class=\"elementor-heading-title elementor-size-default\">Hosting<\/h2>\t\t\t\t<\/div>\n\t\t\t\t<div class=\"elementor-element elementor-element-1c2bae7 elementor-widget elementor-widget-text-editor\" data-id=\"1c2bae7\" data-element_type=\"widget\" data-e-type=\"widget\" data-widget_type=\"text-editor.default\">\n\t\t\t\t\t\t\t\t\t<p>SAFEYES<br \/> 66 Avenue des Champs-Elys\u00e9es Lot 41<br \/> 75008 PARIS &#8211; FRANCE<br \/>SARL au capital de 60 000 \u20ac<br \/> RCS PARIS 498 891 233<\/p>\t\t\t\t\t\t\t\t<\/div>\n\t\t\t\t\t<\/div>\n\t\t<\/div>\n\t\t\t\t\t<\/div>\n\t\t<\/section>\n\t\t\t\t<\/div>","protected":false},"excerpt":{"rendered":"<p>MENTIONS L\u00c9GALES Conform\u00e9ment aux dispositions de la loi n\u00b0 2004-575 du 21 juin 2004 pour la confiance en l\u2019\u00e9conomie num\u00e9rique, il est pr\u00e9cis\u00e9 aux utilisateurs du site orobiancu.corsica l\u2019identit\u00e9 des diff\u00e9rents intervenants dans le cadre de sa r\u00e9alisation et de son suivi. Edition du site SARL ANNEISResidence Altorechemin des Olivers20200 VILLE DI PIETRABUGNO &#8211; France [&hellip;]<\/p>\n","protected":false},"author":1,"featured_media":0,"parent":0,"menu_order":0,"comment_status":"closed","ping_status":"closed","template":"","meta":{"footnotes":""},"class_list":["post-123","page","type-page","status-publish","hentry"],"yoast_head":"<!-- This site is optimized with the Yoast SEO plugin v27.4 - https:\/\/yoast.com\/product\/yoast-seo-wordpress\/ -->\n<title>Les Mentions L\u00e9gales | Oro-Biancu H\u00f4tel-R\u00e9sidence en Haute-Corse<\/title>\n<meta name=\"robots\" content=\"index, follow, max-snippet:-1, max-image-preview:large, max-video-preview:-1\" \/>\n<link rel=\"canonical\" href=\"https:\/\/orobiancu.corsica\/en\/mentions-legales\/\" \/>\n<meta property=\"og:locale\" content=\"en_US\" \/>\n<meta property=\"og:type\" content=\"article\" \/>\n<meta property=\"og:title\" content=\"Les Mentions L\u00e9gales | Oro-Biancu H\u00f4tel-R\u00e9sidence en Haute-Corse\" \/>\n<meta property=\"og:description\" content=\"MENTIONS L\u00c9GALES Conform\u00e9ment aux dispositions de la loi n\u00b0 2004-575 du 21 juin 2004 pour la confiance en l\u2019\u00e9conomie num\u00e9rique, il est pr\u00e9cis\u00e9 aux utilisateurs du site orobiancu.corsica l\u2019identit\u00e9 des diff\u00e9rents intervenants dans le cadre de sa r\u00e9alisation et de son suivi. Edition du site SARL ANNEISResidence Altorechemin des Olivers20200 VILLE DI PIETRABUGNO &#8211; France [&hellip;]\" \/>\n<meta property=\"og:url\" content=\"https:\/\/orobiancu.corsica\/en\/mentions-legales\/\" \/>\n<meta property=\"og:site_name\" content=\"Oro Biancu\" \/>\n<meta property=\"article:modified_time\" content=\"2021-06-07T09:01:38+00:00\" \/>\n<meta property=\"og:image\" content=\"https:\/\/orobiancu.corsica\/wp-content\/uploads\/2021\/04\/t2-article-1.jpg\" \/>\n\t<meta property=\"og:image:width\" content=\"600\" \/>\n\t<meta property=\"og:image:height\" content=\"400\" \/>\n\t<meta property=\"og:image:type\" content=\"image\/jpeg\" \/>\n<meta name=\"twitter:card\" content=\"summary_large_image\" \/>\n<meta name=\"twitter:label1\" content=\"Est. reading time\" \/>\n\t<meta name=\"twitter:data1\" content=\"1 minute\" \/>\n<script type=\"application\/ld+json\" class=\"yoast-schema-graph\">{\"@context\":\"https:\\\/\\\/schema.org\",\"@graph\":[{\"@type\":\"WebPage\",\"@id\":\"https:\\\/\\\/orobiancu.corsica\\\/mentions-legales\\\/\",\"url\":\"https:\\\/\\\/orobiancu.corsica\\\/mentions-legales\\\/\",\"name\":\"Les Mentions L\u00e9gales | Oro-Biancu H\u00f4tel-R\u00e9sidence en Haute-Corse\",\"isPartOf\":{\"@id\":\"https:\\\/\\\/orobiancu.corsica\\\/#website\"},\"datePublished\":\"2021-04-24T13:59:01+00:00\",\"dateModified\":\"2021-06-07T09:01:38+00:00\",\"breadcrumb\":{\"@id\":\"https:\\\/\\\/orobiancu.corsica\\\/mentions-legales\\\/#breadcrumb\"},\"inLanguage\":\"en-US\",\"potentialAction\":[{\"@type\":\"ReadAction\",\"target\":[\"https:\\\/\\\/orobiancu.corsica\\\/mentions-legales\\\/\"]}]},{\"@type\":\"BreadcrumbList\",\"@id\":\"https:\\\/\\\/orobiancu.corsica\\\/mentions-legales\\\/#breadcrumb\",\"itemListElement\":[{\"@type\":\"ListItem\",\"position\":1,\"name\":\"Accueil\",\"item\":\"https:\\\/\\\/orobiancu.corsica\\\/\"},{\"@type\":\"ListItem\",\"position\":2,\"name\":\"Mentions l\u00e9gales\"}]},{\"@type\":\"WebSite\",\"@id\":\"https:\\\/\\\/orobiancu.corsica\\\/#website\",\"url\":\"https:\\\/\\\/orobiancu.corsica\\\/\",\"name\":\"Oro Biancu\",\"description\":\"Un site utilisant WordPress\",\"publisher\":{\"@id\":\"https:\\\/\\\/orobiancu.corsica\\\/#organization\"},\"potentialAction\":[{\"@type\":\"SearchAction\",\"target\":{\"@type\":\"EntryPoint\",\"urlTemplate\":\"https:\\\/\\\/orobiancu.corsica\\\/?s={search_term_string}\"},\"query-input\":{\"@type\":\"PropertyValueSpecification\",\"valueRequired\":true,\"valueName\":\"search_term_string\"}}],\"inLanguage\":\"en-US\"},{\"@type\":\"Organization\",\"@id\":\"https:\\\/\\\/orobiancu.corsica\\\/#organization\",\"name\":\"Oro Biancu\",\"url\":\"https:\\\/\\\/orobiancu.corsica\\\/\",\"logo\":{\"@type\":\"ImageObject\",\"inLanguage\":\"en-US\",\"@id\":\"https:\\\/\\\/orobiancu.corsica\\\/#\\\/schema\\\/logo\\\/image\\\/\",\"url\":\"https:\\\/\\\/orobiancu.corsica\\\/wp-content\\\/uploads\\\/2021\\\/04\\\/cropped-logo2.jpg\",\"contentUrl\":\"https:\\\/\\\/orobiancu.corsica\\\/wp-content\\\/uploads\\\/2021\\\/04\\\/cropped-logo2.jpg\",\"width\":100,\"height\":173,\"caption\":\"Oro Biancu\"},\"image\":{\"@id\":\"https:\\\/\\\/orobiancu.corsica\\\/#\\\/schema\\\/logo\\\/image\\\/\"},\"sameAs\":[\"https:\\\/\\\/www.instagram.com\\\/orobiancu_residence_hoteliere\"]}]}<\/script>\n<!-- \/ Yoast SEO plugin. -->","yoast_head_json":{"title":"Les Mentions L\u00e9gales | Oro-Biancu H\u00f4tel-R\u00e9sidence en Haute-Corse","robots":{"index":"index","follow":"follow","max-snippet":"max-snippet:-1","max-image-preview":"max-image-preview:large","max-video-preview":"max-video-preview:-1"},"canonical":"https:\/\/orobiancu.corsica\/en\/mentions-legales\/","og_locale":"en_US","og_type":"article","og_title":"Les Mentions L\u00e9gales | Oro-Biancu H\u00f4tel-R\u00e9sidence en Haute-Corse","og_description":"MENTIONS L\u00c9GALES Conform\u00e9ment aux dispositions de la loi n\u00b0 2004-575 du 21 juin 2004 pour la confiance en l\u2019\u00e9conomie num\u00e9rique, il est pr\u00e9cis\u00e9 aux utilisateurs du site orobiancu.corsica l\u2019identit\u00e9 des diff\u00e9rents intervenants dans le cadre de sa r\u00e9alisation et de son suivi. Edition du site SARL ANNEISResidence Altorechemin des Olivers20200 VILLE DI PIETRABUGNO &#8211; France [&hellip;]","og_url":"https:\/\/orobiancu.corsica\/en\/mentions-legales\/","og_site_name":"Oro Biancu","article_modified_time":"2021-06-07T09:01:38+00:00","og_image":[{"width":600,"height":400,"url":"https:\/\/orobiancu.corsica\/wp-content\/uploads\/2021\/04\/t2-article-1.jpg","type":"image\/jpeg"}],"twitter_card":"summary_large_image","twitter_misc":{"Est. reading time":"1 minute"},"schema":{"@context":"https:\/\/schema.org","@graph":[{"@type":"WebPage","@id":"https:\/\/orobiancu.corsica\/mentions-legales\/","url":"https:\/\/orobiancu.corsica\/mentions-legales\/","name":"Les Mentions L\u00e9gales | Oro-Biancu H\u00f4tel-R\u00e9sidence en Haute-Corse","isPartOf":{"@id":"https:\/\/orobiancu.corsica\/#website"},"datePublished":"2021-04-24T13:59:01+00:00","dateModified":"2021-06-07T09:01:38+00:00","breadcrumb":{"@id":"https:\/\/orobiancu.corsica\/mentions-legales\/#breadcrumb"},"inLanguage":"en-US","potentialAction":[{"@type":"ReadAction","target":["https:\/\/orobiancu.corsica\/mentions-legales\/"]}]},{"@type":"BreadcrumbList","@id":"https:\/\/orobiancu.corsica\/mentions-legales\/#breadcrumb","itemListElement":[{"@type":"ListItem","position":1,"name":"Accueil","item":"https:\/\/orobiancu.corsica\/"},{"@type":"ListItem","position":2,"name":"Mentions l\u00e9gales"}]},{"@type":"WebSite","@id":"https:\/\/orobiancu.corsica\/#website","url":"https:\/\/orobiancu.corsica\/","name":"Oro Biancu","description":"Un site utilisant WordPress","publisher":{"@id":"https:\/\/orobiancu.corsica\/#organization"},"potentialAction":[{"@type":"SearchAction","target":{"@type":"EntryPoint","urlTemplate":"https:\/\/orobiancu.corsica\/?s={search_term_string}"},"query-input":{"@type":"PropertyValueSpecification","valueRequired":true,"valueName":"search_term_string"}}],"inLanguage":"en-US"},{"@type":"Organization","@id":"https:\/\/orobiancu.corsica\/#organization","name":"Oro Biancu","url":"https:\/\/orobiancu.corsica\/","logo":{"@type":"ImageObject","inLanguage":"en-US","@id":"https:\/\/orobiancu.corsica\/#\/schema\/logo\/image\/","url":"https:\/\/orobiancu.corsica\/wp-content\/uploads\/2021\/04\/cropped-logo2.jpg","contentUrl":"https:\/\/orobiancu.corsica\/wp-content\/uploads\/2021\/04\/cropped-logo2.jpg","width":100,"height":173,"caption":"Oro Biancu"},"image":{"@id":"https:\/\/orobiancu.corsica\/#\/schema\/logo\/image\/"},"sameAs":["https:\/\/www.instagram.com\/orobiancu_residence_hoteliere"]}]}},"_links":{"self":[{"href":"https:\/\/orobiancu.corsica\/en\/wp-json\/wp\/v2\/pages\/123","targetHints":{"allow":["GET"]}}],"collection":[{"href":"https:\/\/orobiancu.corsica\/en\/wp-json\/wp\/v2\/pages"}],"about":[{"href":"https:\/\/orobiancu.corsica\/en\/wp-json\/wp\/v2\/types\/page"}],"author":[{"embeddable":true,"href":"https:\/\/orobiancu.corsica\/en\/wp-json\/wp\/v2\/users\/1"}],"replies":[{"embeddable":true,"href":"https:\/\/orobiancu.corsica\/en\/wp-json\/wp\/v2\/comments?post=123"}],"version-history":[{"count":12,"href":"https:\/\/orobiancu.corsica\/en\/wp-json\/wp\/v2\/pages\/123\/revisions"}],"predecessor-version":[{"id":1900,"href":"https:\/\/orobiancu.corsica\/en\/wp-json\/wp\/v2\/pages\/123\/revisions\/1900"}],"wp:attachment":[{"href":"https:\/\/orobiancu.corsica\/en\/wp-json\/wp\/v2\/media?parent=123"}],"curies":[{"name":"wp","href":"https:\/\/api.w.org\/{rel}","templated":true}]}}